{"id":4835,"date":"2015-01-04T17:18:08","date_gmt":"2015-01-04T16:18:08","guid":{"rendered":"https:\/\/undsgn.com\/uncode\/?page_id=4835"},"modified":"2026-03-23T12:07:06","modified_gmt":"2026-03-23T11:07:06","slug":"portfolio-agency","status":"publish","type":"page","link":"https:\/\/portal71.com\/es\/","title":{"rendered":"Inicio"},"content":{"rendered":"<div class=\"wpb-content-wrapper\"><p>[vc_row unlock_row_content=\u00bbyes\u00bb row_height_percent=\u00bb85&#8243; override_padding=\u00bbyes\u00bb h_padding=\u00bb2&#8243; top_padding=\u00bb5&#8243; bottom_padding=\u00bb5&#8243; back_color=\u00bbcolor-nhtu\u00bb back_image=\u00bb134967&#8243; overlay_color=\u00bbcolor-706289&#8243; overlay_alpha=\u00bb11&#8243; gutter_size=\u00bb3&#8243; column_width_percent=\u00bb100&#8243; shift_y=\u00bb0&#8243; z_index=\u00bb0&#8243; enable_bottom_divider=\u00bbdefault\u00bb bottom_divider=\u00bbgradient\u00bb shape_bottom_h_use_pixel=\u00bbtrue\u00bb shape_bottom_height_percent=\u00bb100&#8243; shape_bottom_color=\u00bbcolor-nhtu\u00bb shape_bottom_opacity=\u00bb100&#8243; shape_bottom_index=\u00bb0&#8243; uncode_shortcode_id=\u00bb336943&#8243; back_color_type=\u00bbuncode-palette\u00bb shape_bottom_color_type=\u00bbuncode-palette\u00bb overlay_color_type=\u00bbuncode-palette\u00bb][vc_column column_width_percent=\u00bb100&#8243; position_horizontal=\u00bbright\u00bb align_horizontal=\u00bbalign_center\u00bb gutter_size=\u00bb2&#8243; style=\u00bbdark\u00bb overlay_alpha=\u00bb50&#8243; shift_x=\u00bb0&#8243; shift_y=\u00bb0&#8243; shift_y_down=\u00bb0&#8243; z_index=\u00bb0&#8243; medium_width=\u00bb0&#8243; mobile_width=\u00bb0&#8243; css_animation=\u00bbbottom-t-top\u00bb width=\u00bb1\/1&#8243; uncode_shortcode_id=\u00bb834202&#8243; mobile_height=\u00bb400&#8243;][vc_empty_space empty_h=\u00bb5&#8243; desktop_visibility=\u00bbyes\u00bb medium_visibility=\u00bbyes\u00bb][vc_empty_space empty_h=\u00bb5&#8243; desktop_visibility=\u00bbyes\u00bb medium_visibility=\u00bbyes\u00bb][vc_empty_space empty_h=\u00bb5&#8243; desktop_visibility=\u00bbyes\u00bb medium_visibility=\u00bbyes\u00bb][vc_single_image media=\u00bb134981&#8243; media_width_use_pixel=\u00bbyes\u00bb alignment=\u00bbright\u00bb uncode_shortcode_id=\u00bb511774&#8243; media_width_pixel=\u00bb150&#8243;][\/vc_column][\/vc_row][vc_row unlock_row_content=\u00bbyes\u00bb row_height_percent=\u00bb0&#8243; override_padding=\u00bbyes\u00bb h_padding=\u00bb0&#8243; top_padding=\u00bb0&#8243; bottom_padding=\u00bb0&#8243; overlay_alpha=\u00bb50&#8243; equal_height=\u00bbyes\u00bb gutter_size=\u00bb0&#8243; column_width_percent=\u00bb100&#8243; shift_y=\u00bb0&#8243; z_index=\u00bb0&#8243; el_class=\u00bbinverted-device-order\u00bb][vc_column column_width_use_pixel=\u00bbyes\u00bb gutter_size=\u00bb3&#8243; override_padding=\u00bbyes\u00bb column_padding=\u00bb5&#8243; overlay_alpha=\u00bb50&#8243; shift_x=\u00bb0&#8243; shift_y=\u00bb0&#8243; shift_y_down=\u00bb0&#8243; z_index=\u00bb0&#8243; medium_width=\u00bb0&#8243; mobile_width=\u00bb0&#8243; width=\u00bb1\/2&#8243; column_width_pixel=\u00bb528&#8243;][vc_custom_heading text_color=\u00bbcolor-153347&#8243; text_size=\u00bbh1&#8243; uncode_shortcode_id=\u00bb149612&#8243; text_color_type=\u00bbuncode-palette\u00bb]Nuestras compa\u00f1\u00edas[\/vc_custom_heading][vc_column_text text_lead=\u00bbyes\u00bb uncode_shortcode_id=\u00bb122373&#8243;]Somo v\u00ednculo entre el talento teatral y tu apetito por el arte esc\u00e9nico. Encuentra una diversidad de compa\u00f1\u00edas de teatro, cada una con su propia esencia y propuesta art\u00edstica. Desde el teatro cl\u00e1sico hasta las vanguardias m\u00e1s atrevidas, cada compa\u00f1\u00eda aporta su magia al mundo esc\u00e9nico.[\/vc_column_text][vc_button button_color=\u00bbcolor-706289&#8243; border_width=\u00bb0&#8243; link=\u00bburl:https%3A%2F%2Fportal71.com%2Fcompanias%2F|title:Compa%C3%B1ias\u00bb uncode_shortcode_id=\u00bb166215&#8243; button_color_type=\u00bbuncode-palette\u00bb]Nuestras Compa\u00f1\u00edas[\/vc_button][\/vc_column][vc_column column_width_percent=\u00bb100&#8243; gutter_size=\u00bb3&#8243; back_image=\u00bb133157&#8243; overlay_color=\u00bbcolor-706289&#8243; overlay_alpha=\u00bb93&#8243; overlay_color_blend=\u00bbmultiply\u00bb shift_x=\u00bb0&#8243; shift_y=\u00bb0&#8243; shift_y_down=\u00bb0&#8243; z_index=\u00bb0&#8243; medium_width=\u00bb0&#8243; mobile_width=\u00bb0&#8243; width=\u00bb1\/2&#8243; mobile_height=\u00bb340&#8243; uncode_shortcode_id=\u00bb135656&#8243; overlay_color_type=\u00bbuncode-palette\u00bb][\/vc_column][\/vc_row][vc_row row_height_percent=\u00bb80&#8243; override_padding=\u00bbyes\u00bb h_padding=\u00bb2&#8243; top_padding=\u00bb5&#8243; bottom_padding=\u00bb5&#8243; back_color=\u00bbaccent\u00bb back_image=\u00bb132411&#8243; parallax=\u00bbyes\u00bb overlay_color=\u00bbcolor-jevc\u00bb overlay_alpha=\u00bb80&#8243; equal_height=\u00bbyes\u00bb gutter_size=\u00bb3&#8243; column_width_percent=\u00bb100&#8243; shift_y=\u00bb0&#8243; z_index=\u00bb0&#8243; top_divider=\u00bbgradient\u00bb bottom_divider=\u00bbgradient\u00bb uncode_shortcode_id=\u00bb165940&#8243; back_color_type=\u00bbuncode-palette\u00bb overlay_color_type=\u00bbuncode-palette\u00bb][vc_column column_width_percent=\u00bb100&#8243; position_vertical=\u00bbbottom\u00bb gutter_size=\u00bb3&#8243; style=\u00bbdark\u00bb overlay_alpha=\u00bb50&#8243; shift_x=\u00bb0&#8243; shift_y=\u00bb0&#8243; shift_y_down=\u00bb0&#8243; z_index=\u00bb0&#8243; medium_width=\u00bb0&#8243; mobile_width=\u00bb0&#8243; width=\u00bb1\/1&#8243;][vc_row_inner row_inner_height_percent=\u00bb0&#8243; overlay_alpha=\u00bb50&#8243; gutter_size=\u00bb3&#8243; shift_y=\u00bb0&#8243; limit_content=\u00bb\u00bb][vc_column_inner column_width_percent=\u00bb100&#8243; gutter_size=\u00bb3&#8243; style=\u00bbdark\u00bb overlay_alpha=\u00bb50&#8243; shift_x=\u00bb0&#8243; shift_y=\u00bb0&#8243; shift_y_down=\u00bb0&#8243; z_index=\u00bb0&#8243; medium_width=\u00bb0&#8243; mobile_width=\u00bb0&#8243; css_animation=\u00bbalpha-anim\u00bb animation_delay=\u00bb200&#8243; width=\u00bb1\/2&#8243;][vc_custom_heading text_color=\u00bbcolor-xsdn\u00bb text_size=\u00bbh1&#8243; uncode_shortcode_id=\u00bb171571&#8243; text_color_type=\u00bbuncode-palette\u00bb]Nuestros espect\u00e1culos[\/vc_custom_heading][vc_empty_space empty_h=\u00bb1&#8243;][vc_column_text text_lead=\u00bbyes\u00bb text_color=\u00bbcolor-xsdn\u00bb uncode_shortcode_id=\u00bb827181&#8243; text_color_type=\u00bbuncode-palette\u00bb]La diversidad es nuestro sello distintivo, y sabemos que tu pr\u00f3xima experiencia cultural perfecta podr\u00eda estar esper\u00e1ndote en nuestro cat\u00e1logo completo de espect\u00e1culos. Para explorar a\u00fan m\u00e1s opciones y encontrar el espect\u00e1culo que est\u00e1s buscando, simplemente haz clic en el bot\u00f3n a continuaci\u00f3n y accede a nuestra secci\u00f3n de b\u00fasqueda de espect\u00e1culos.[\/vc_column_text][vc_button button_color=\u00bbcolor-xsdn\u00bb outline=\u00bbyes\u00bb border_width=\u00bb0&#8243; link=\u00bburl:https%3A%2F%2Fportal71.com%2Fbuscador-espectaculos%2F|title:Espect%C3%A1culos\u00bb uncode_shortcode_id=\u00bb153488&#8243; button_color_type=\u00bbuncode-palette\u00bb]BUSCADOR de ESPECT\u00c1CULOS[\/vc_button][\/vc_column_inner][vc_column_inner column_width_percent=\u00bb100&#8243; position_vertical=\u00bbbottom\u00bb gutter_size=\u00bb3&#8243; overlay_alpha=\u00bb50&#8243; shift_x=\u00bb0&#8243; shift_y=\u00bb0&#8243; shift_y_down=\u00bb0&#8243; z_index=\u00bb0&#8243; medium_width=\u00bb0&#8243; mobile_width=\u00bb0&#8243; width=\u00bb1\/2&#8243; uncode_shortcode_id=\u00bb390219&#8243;][\/vc_column_inner][\/vc_row_inner][\/vc_column][\/vc_row][vc_row unlock_row_content=\u00bbyes\u00bb row_height_percent=\u00bb75&#8243; override_padding=\u00bbyes\u00bb h_padding=\u00bb0&#8243; top_padding=\u00bb0&#8243; bottom_padding=\u00bb0&#8243; overlay_alpha=\u00bb50&#8243; equal_height=\u00bbyes\u00bb gutter_size=\u00bb0&#8243; column_width_percent=\u00bb100&#8243; shift_y=\u00bb0&#8243; z_index=\u00bb0&#8243; uncode_shortcode_id=\u00bb167285&#8243;][vc_column column_width_percent=\u00bb100&#8243; gutter_size=\u00bb3&#8243; override_padding=\u00bbyes\u00bb column_padding=\u00bb4&#8243; back_image=\u00bb131093&#8243; overlay_color=\u00bbcolor-706289&#8243; overlay_alpha=\u00bb83&#8243; shift_x=\u00bb0&#8243; shift_y=\u00bb0&#8243; shift_y_down=\u00bb0&#8243; z_index=\u00bb0&#8243; medium_visibility=\u00bbyes\u00bb medium_width=\u00bb0&#8243; mobile_visibility=\u00bbyes\u00bb mobile_width=\u00bb0&#8243; width=\u00bb1\/2&#8243; mobile_height=\u00bb300&#8243; uncode_shortcode_id=\u00bb768778&#8243; overlay_color_type=\u00bbuncode-palette\u00bb][\/vc_column][vc_column column_width_percent=\u00bb100&#8243; position_vertical=\u00bbmiddle\u00bb gutter_size=\u00bb0&#8243; override_padding=\u00bbyes\u00bb column_padding=\u00bb3&#8243; overlay_alpha=\u00bb50&#8243; shift_x=\u00bb0&#8243; shift_y=\u00bb0&#8243; shift_y_down=\u00bb0&#8243; z_index=\u00bb0&#8243; medium_width=\u00bb0&#8243; mobile_width=\u00bb0&#8243; width=\u00bb1\/2&#8243; uncode_shortcode_id=\u00bb166587&#8243;][vc_custom_heading heading_semantic=\u00bbh3&#8243; text_size=\u00bbh1&#8243; uncode_shortcode_id=\u00bb167194&#8243;]Desde 2002[\/vc_custom_heading][vc_empty_space][vc_column_text text_lead=\u00bbyes\u00bb uncode_shortcode_id=\u00bb718687&#8243;]Desde nuestra fundaci\u00f3n en el a\u00f1o 2002, en la vibrante ciudad de Bilbao, hemos estado comprometidos con la promoci\u00f3n y el fomento de la cultura en todas sus formas. En Portal 71, entendemos que la cultura es un tejido vital que enriquece nuestras vidas, inspira la creatividad y fortalece los lazos entre comunidades. Por eso, nos enorgullece ser una parte integral de esta hermosa ciudad y su rica escena cultural.[\/vc_column_text][\/vc_column][\/vc_row]<\/p>\n<\/div>","protected":false},"excerpt":{"rendered":"<p>[vc_row unlock_row_content=\u00bbyes\u00bb row_height_percent=\u00bb85&#8243; override_padding=\u00bbyes\u00bb h_padding=\u00bb2&#8243; top_padding=\u00bb5&#8243; bottom_padding=\u00bb5&#8243; back_color=\u00bbcolor-nhtu\u00bb back_image=\u00bb134967&#8243; overlay_color=\u00bbcolor-706289&#8243; overlay_alpha=\u00bb11&#8243; gutter_size=\u00bb3&#8243; column_width_percent=\u00bb100&#8243; shift_y=\u00bb0&#8243; z_index=\u00bb0&#8243; enable_bottom_divider=\u00bbdefault\u00bb bottom_divider=\u00bbgradient\u00bb shape_bottom_h_use_pixel=\u00bbtrue\u00bb shape_bottom_height_percent=\u00bb100&#8243; shape_bottom_color=\u00bbcolor-nhtu\u00bb [&hellip;]<\/p>\n","protected":false},"author":1,"featured_media":133157,"parent":0,"menu_order":0,"comment_status":"closed","ping_status":"closed","template":"","meta":{"_acf_changed":false,"footnotes":""},"class_list":["post-4835","page","type-page","status-publish","has-post-thumbnail","hentry"],"acf":[],"_links":{"self":[{"href":"https:\/\/portal71.com\/es\/wp-json\/wp\/v2\/pages\/4835","targetHints":{"allow":["GET"]}}],"collection":[{"href":"https:\/\/portal71.com\/es\/wp-json\/wp\/v2\/pages"}],"about":[{"href":"https:\/\/portal71.com\/es\/wp-json\/wp\/v2\/types\/page"}],"author":[{"embeddable":true,"href":"https:\/\/portal71.com\/es\/wp-json\/wp\/v2\/users\/1"}],"replies":[{"embeddable":true,"href":"https:\/\/portal71.com\/es\/wp-json\/wp\/v2\/comments?post=4835"}],"version-history":[{"count":82,"href":"https:\/\/portal71.com\/es\/wp-json\/wp\/v2\/pages\/4835\/revisions"}],"predecessor-version":[{"id":134984,"href":"https:\/\/portal71.com\/es\/wp-json\/wp\/v2\/pages\/4835\/revisions\/134984"}],"wp:featuredmedia":[{"embeddable":true,"href":"https:\/\/portal71.com\/es\/wp-json\/wp\/v2\/media\/133157"}],"wp:attachment":[{"href":"https:\/\/portal71.com\/es\/wp-json\/wp\/v2\/media?parent=4835"}],"curies":[{"name":"wp","href":"https:\/\/api.w.org\/{rel}","templated":true}]}}