{"id":131369,"date":"2023-10-25T17:20:34","date_gmt":"2023-10-25T15:20:34","guid":{"rendered":"https:\/\/portal71.com\/?page_id=131369"},"modified":"2026-04-22T12:41:26","modified_gmt":"2026-04-22T10:41:26","slug":"nosotras","status":"publish","type":"page","link":"https:\/\/portal71.com\/es\/nosotras\/","title":{"rendered":"Nosotras"},"content":{"rendered":"<div class=\"wpb-content-wrapper\"><p>[vc_row row_height_percent=\u00bb0&#8243; override_padding=\u00bbyes\u00bb h_padding=\u00bb5&#8243; top_padding=\u00bb2&#8243; bottom_padding=\u00bb2&#8243; overlay_alpha=\u00bb50&#8243; gutter_size=\u00bb3&#8243; column_width_percent=\u00bb100&#8243; shift_y=\u00bb0&#8243; z_index=\u00bb0&#8243; uncode_shortcode_id=\u00bb181333&#8243;][vc_column column_width_percent=\u00bb100&#8243; align_horizontal=\u00bbalign_center\u00bb gutter_size=\u00bb3&#8243; overlay_alpha=\u00bb50&#8243; shift_x=\u00bb0&#8243; shift_y=\u00bb0&#8243; shift_y_down=\u00bb0&#8243; z_index=\u00bb0&#8243; medium_width=\u00bb0&#8243; mobile_width=\u00bb0&#8243; width=\u00bb1\/1&#8243; uncode_shortcode_id=\u00bb190598&#8243;][vc_custom_heading text_color=\u00bbcolor-153347&#8243; text_size=\u00bbh1&#8243; uncode_shortcode_id=\u00bb176447&#8243; text_color_type=\u00bbuncode-palette\u00bb]Descubre nuestro equipo[\/vc_custom_heading][vc_column_text text_lead=\u00bbyes\u00bb uncode_shortcode_id=\u00bb188456&#8243;]El coraz\u00f3n de Portal 71, nuestro equipo es la fuerza impulsora detr\u00e1s de cada \u00e9xito y cada experiencia cultural que creamos. Somos un grupo diverso de personas apasionadas por el mundo de la cultura y las artes, unidos por un objetivo com\u00fan: \u00abCompartir la magia de la cultura con todo el p\u00fablico.[\/vc_column_text][\/vc_column][\/vc_row][vc_row][vc_column column_width_percent=\u00bb100&#8243; align_horizontal=\u00bbalign_center\u00bb gutter_size=\u00bb3&#8243; back_color=\u00bbcolor-lxmt\u00bb overlay_alpha=\u00bb50&#8243; radius=\u00bbstd\u00bb shift_x=\u00bb0&#8243; shift_y=\u00bb0&#8243; shift_y_down=\u00bb0&#8243; z_index=\u00bb0&#8243; medium_width=\u00bb0&#8243; mobile_width=\u00bb0&#8243; width=\u00bb1\/2&#8243; uncode_shortcode_id=\u00bb470093&#8243; back_color_type=\u00bbuncode-palette\u00bb][vc_single_image media=\u00bb131801&#8243; media_width_percent=\u00bb100&#8243; media_ratio=\u00bbsixteen-nine\u00bb alignment=\u00bbright\u00bb uncode_shortcode_id=\u00bb994286&#8243;][vc_custom_heading uncode_shortcode_id=\u00bb120326&#8243;]ROC\u00cdO PINDADO[\/vc_custom_heading][vc_separator sep_color=\u00bbcolor-706289&#8243; uncode_shortcode_id=\u00bb160131&#8243; sep_color_type=\u00bbuncode-palette\u00bb el_width=\u00bb1&#8243;][vc_column_text uncode_shortcode_id=\u00bb129532&#8243;]distribuci\u00f3n<br \/>\n<a class=\"class3\" title=\"mailto:rociopindado@portal71.com\" href=\"mailto:rociopindado@portal71.com\">rociopindado@portal71.com<\/a>[\/vc_column_text][\/vc_column][vc_column column_width_percent=\u00bb100&#8243; align_horizontal=\u00bbalign_center\u00bb gutter_size=\u00bb3&#8243; back_color=\u00bbcolor-lxmt\u00bb overlay_alpha=\u00bb50&#8243; radius=\u00bbstd\u00bb shift_x=\u00bb0&#8243; shift_y=\u00bb0&#8243; shift_y_down=\u00bb0&#8243; z_index=\u00bb0&#8243; medium_width=\u00bb0&#8243; mobile_width=\u00bb0&#8243; width=\u00bb1\/2&#8243; uncode_shortcode_id=\u00bb237843&#8243; back_color_type=\u00bbuncode-palette\u00bb][vc_single_image media=\u00bb131800&#8243; media_width_percent=\u00bb100&#8243; media_ratio=\u00bbsixteen-nine\u00bb alignment=\u00bbright\u00bb uncode_shortcode_id=\u00bb553106&#8243;][vc_custom_heading uncode_shortcode_id=\u00bb976137&#8243;]IV\u00c1N ALONSO[\/vc_custom_heading][vc_separator sep_color=\u00bbcolor-706289&#8243; uncode_shortcode_id=\u00bb160131&#8243; sep_color_type=\u00bbuncode-palette\u00bb el_width=\u00bb1&#8243;][vc_column_text uncode_shortcode_id=\u00bb139825&#8243;]producci\u00f3n y gesti\u00f3n<br \/>\n<a class=\"class4\" title=\"mailto:ivanalonso@portal71.com\" href=\"mailto:ivanalonso@portal71.com\">ivanalonso@portal71.com<\/a>[\/vc_column_text][\/vc_column][\/vc_row][vc_row][vc_column column_width_percent=\u00bb100&#8243; align_horizontal=\u00bbalign_center\u00bb gutter_size=\u00bb3&#8243; back_color=\u00bbcolor-lxmt\u00bb overlay_alpha=\u00bb50&#8243; radius=\u00bbstd\u00bb shift_x=\u00bb0&#8243; shift_y=\u00bb0&#8243; shift_y_down=\u00bb0&#8243; z_index=\u00bb0&#8243; medium_width=\u00bb0&#8243; mobile_width=\u00bb0&#8243; width=\u00bb1\/2&#8243; uncode_shortcode_id=\u00bb470093&#8243; back_color_type=\u00bbuncode-palette\u00bb][vc_single_image media=\u00bb131799&#8243; media_width_percent=\u00bb100&#8243; media_ratio=\u00bbsixteen-nine\u00bb alignment=\u00bbright\u00bb uncode_shortcode_id=\u00bb437102&#8243;][vc_custom_heading uncode_shortcode_id=\u00bb112065&#8243;]IRATXE EXTRAMIANA[\/vc_custom_heading][vc_separator sep_color=\u00bbcolor-706289&#8243; uncode_shortcode_id=\u00bb160131&#8243; sep_color_type=\u00bbuncode-palette\u00bb el_width=\u00bb1&#8243;][vc_column_text uncode_shortcode_id=\u00bb143934&#8243;]producci\u00f3n y gesti\u00f3n<br \/>\n<a class=\"class1\" title=\"mailto:iratxe@portal71.com\" href=\"mailto:iratxe@portal71.com\">iratxe@portal71.com<\/a>[\/vc_column_text][\/vc_column][vc_column column_width_percent=\u00bb100&#8243; align_horizontal=\u00bbalign_center\u00bb gutter_size=\u00bb3&#8243; back_color=\u00bbcolor-lxmt\u00bb overlay_alpha=\u00bb50&#8243; radius=\u00bbstd\u00bb shift_x=\u00bb0&#8243; shift_y=\u00bb0&#8243; shift_y_down=\u00bb0&#8243; z_index=\u00bb0&#8243; medium_width=\u00bb0&#8243; mobile_width=\u00bb0&#8243; width=\u00bb1\/2&#8243; uncode_shortcode_id=\u00bb122391&#8243; back_color_type=\u00bbuncode-palette\u00bb][vc_single_image media=\u00bb131798&#8243; media_width_percent=\u00bb100&#8243; media_ratio=\u00bbsixteen-nine\u00bb alignment=\u00bbright\u00bb uncode_shortcode_id=\u00bb521425&#8243;][vc_custom_heading uncode_shortcode_id=\u00bb168255&#8243;]MENTXU GARC\u00cdA[\/vc_custom_heading][vc_separator sep_color=\u00bbcolor-706289&#8243; uncode_shortcode_id=\u00bb160131&#8243; sep_color_type=\u00bbuncode-palette\u00bb el_width=\u00bb1&#8243;][vc_column_text uncode_shortcode_id=\u00bb115810&#8243;]contabilidad<br \/>\n<a class=\"class2\" title=\"mailto:contabilidad@portal71.com\" href=\"mailto:contabilidad@portal71.com\">contabilidad@portal71.com<\/a>[\/vc_column_text][\/vc_column][\/vc_row][vc_row row_height_percent=\u00bb0&#8243; override_padding=\u00bbyes\u00bb h_padding=\u00bb2&#8243; top_padding=\u00bb4&#8243; bottom_padding=\u00bb4&#8243; back_color=\u00bbcolor-706289&#8243; overlay_alpha=\u00bb50&#8243; gutter_size=\u00bb3&#8243; column_width_percent=\u00bb100&#8243; shift_y=\u00bb0&#8243; z_index=\u00bb0&#8243; uncode_shortcode_id=\u00bb171960&#8243; back_color_type=\u00bbuncode-palette\u00bb][vc_column column_width_percent=\u00bb100&#8243; align_horizontal=\u00bbalign_center\u00bb gutter_size=\u00bb3&#8243; overlay_alpha=\u00bb50&#8243; shift_x=\u00bb0&#8243; shift_y=\u00bb0&#8243; shift_y_down=\u00bb0&#8243; z_index=\u00bb0&#8243; medium_width=\u00bb0&#8243; mobile_width=\u00bb0&#8243; width=\u00bb1\/1&#8243; uncode_shortcode_id=\u00bb179735&#8243;][vc_custom_heading text_color=\u00bbcolor-xsdn\u00bb text_size=\u00bbh1&#8243; uncode_shortcode_id=\u00bb860127&#8243; text_color_type=\u00bbuncode-palette\u00bb]Red de Distribuci\u00f3n[\/vc_custom_heading][vc_column_text text_lead=\u00bbyes\u00bb text_color=\u00bbcolor-xsdn\u00bb uncode_shortcode_id=\u00bb201844&#8243; text_color_type=\u00bbuncode-palette\u00bb]Trabajamos en estrecha colaboraci\u00f3n con distribuidores especializados para llevar la magia de los espect\u00e1culos a m\u00faltiples escenarios.[\/vc_column_text][vc_empty_space][vc_row_inner row_inner_height_percent=\u00bb0&#8243; overlay_alpha=\u00bb50&#8243; equal_height=\u00bbyes\u00bb gutter_size=\u00bb5&#8243; shift_y=\u00bb0&#8243; z_index=\u00bb0&#8243; uncode_shortcode_id=\u00bb202641&#8243; limit_content=\u00bb\u00bb][vc_column_inner column_width_percent=\u00bb100&#8243; gutter_size=\u00bb3&#8243; overlay_alpha=\u00bb50&#8243; shift_x=\u00bb0&#8243; shift_y=\u00bb0&#8243; shift_y_down=\u00bb0&#8243; z_index=\u00bb0&#8243; medium_width=\u00bb0&#8243; mobile_width=\u00bb0&#8243; width=\u00bb1\/1&#8243; uncode_shortcode_id=\u00bb208060&#8243;][vc_custom_heading text_color=\u00bbcolor-xsdn\u00bb uncode_shortcode_id=\u00bb194248&#8243; text_color_type=\u00bbuncode-palette\u00bb]ANDALUC\u00cdA[\/vc_custom_heading][vc_column_text text_color=\u00bbcolor-xsdn\u00bb uncode_shortcode_id=\u00bb185394&#8243; text_color_type=\u00bbuncode-palette\u00bb]<a href=\"https:\/\/insulacultural.com\/\" target=\"_blank\" rel=\"noopener\"><span style=\"color: #ffffff;\"><strong>\u00cdNSULA CULTURAL<\/strong><\/span><\/a> &#8211; Pepe de la Blanca<\/p>\n<p><strong><a href=\"http:\/\/escenagranada.com\/\" target=\"_blank\" rel=\"noopener\"><span style=\"color: #ffffff;\">ESCENA DISTRIBUCI\u00d3N GRANADA<\/span><\/a><\/strong> &#8211; Teresa Arboleadas y Nines Carrascal[\/vc_column_text][vc_separator sep_color=\u00bbcolor-xsdn\u00bb uncode_shortcode_id=\u00bb101295&#8243; sep_color_type=\u00bbuncode-palette\u00bb el_width=\u00bb100%\u00bb el_height=\u00bb1&#8243;][\/vc_column_inner][\/vc_row_inner][vc_row_inner row_inner_height_percent=\u00bb0&#8243; overlay_alpha=\u00bb50&#8243; equal_height=\u00bbyes\u00bb gutter_size=\u00bb5&#8243; shift_y=\u00bb0&#8243; z_index=\u00bb0&#8243; uncode_shortcode_id=\u00bb202641&#8243; limit_content=\u00bb\u00bb][vc_column_inner column_width_percent=\u00bb100&#8243; gutter_size=\u00bb3&#8243; overlay_alpha=\u00bb50&#8243; shift_x=\u00bb0&#8243; shift_y=\u00bb0&#8243; shift_y_down=\u00bb0&#8243; z_index=\u00bb0&#8243; medium_width=\u00bb0&#8243; mobile_width=\u00bb0&#8243; width=\u00bb1\/1&#8243; uncode_shortcode_id=\u00bb208060&#8243;][vc_custom_heading text_color=\u00bbcolor-xsdn\u00bb uncode_shortcode_id=\u00bb181813&#8243; text_color_type=\u00bbuncode-palette\u00bb]CANTABRIA[\/vc_custom_heading][vc_column_text text_color=\u00bbcolor-xsdn\u00bb uncode_shortcode_id=\u00bb202640&#8243; text_color_type=\u00bbuncode-palette\u00bb]ESFERA AUDIOVISUAL &#8211; Luis del R\u00edo[\/vc_column_text][vc_separator sep_color=\u00bbcolor-xsdn\u00bb uncode_shortcode_id=\u00bb101295&#8243; sep_color_type=\u00bbuncode-palette\u00bb el_width=\u00bb100%\u00bb el_height=\u00bb1&#8243;][\/vc_column_inner][\/vc_row_inner][vc_row_inner row_inner_height_percent=\u00bb0&#8243; overlay_alpha=\u00bb50&#8243; equal_height=\u00bbyes\u00bb gutter_size=\u00bb5&#8243; shift_y=\u00bb0&#8243; z_index=\u00bb0&#8243; uncode_shortcode_id=\u00bb202641&#8243; limit_content=\u00bb\u00bb][vc_column_inner column_width_percent=\u00bb100&#8243; gutter_size=\u00bb3&#8243; style=\u00bbdark\u00bb overlay_alpha=\u00bb50&#8243; shift_x=\u00bb0&#8243; shift_y=\u00bb0&#8243; shift_y_down=\u00bb0&#8243; z_index=\u00bb0&#8243; medium_width=\u00bb0&#8243; mobile_width=\u00bb0&#8243; width=\u00bb1\/1&#8243; uncode_shortcode_id=\u00bb106761&#8243;][vc_custom_heading text_color=\u00bbcolor-xsdn\u00bb uncode_shortcode_id=\u00bb150265&#8243; text_color_type=\u00bbuncode-palette\u00bb]CATALUNYA[\/vc_custom_heading][vc_column_text uncode_shortcode_id=\u00bb130650&#8243;]<a href=\"https:\/\/monicadegira.com\/es\/\" target=\"_blank\" rel=\"noopener\"><span style=\"color: #ffffff;\">MONICADEGIRA<\/span><\/a> &#8211; M\u00f3nica Garc\u00eda Genes[\/vc_column_text][vc_separator sep_color=\u00bbcolor-xsdn\u00bb uncode_shortcode_id=\u00bb101295&#8243; sep_color_type=\u00bbuncode-palette\u00bb el_width=\u00bb100%\u00bb el_height=\u00bb1&#8243;][\/vc_column_inner][\/vc_row_inner][vc_row_inner row_inner_height_percent=\u00bb0&#8243; overlay_alpha=\u00bb50&#8243; equal_height=\u00bbyes\u00bb gutter_size=\u00bb5&#8243; shift_y=\u00bb0&#8243; z_index=\u00bb0&#8243; uncode_shortcode_id=\u00bb202641&#8243; limit_content=\u00bb\u00bb][vc_column_inner column_width_percent=\u00bb100&#8243; gutter_size=\u00bb3&#8243; overlay_alpha=\u00bb50&#8243; shift_x=\u00bb0&#8243; shift_y=\u00bb0&#8243; shift_y_down=\u00bb0&#8243; z_index=\u00bb0&#8243; medium_width=\u00bb0&#8243; mobile_width=\u00bb0&#8243; width=\u00bb1\/1&#8243; uncode_shortcode_id=\u00bb208060&#8243;][vc_custom_heading text_color=\u00bbcolor-xsdn\u00bb uncode_shortcode_id=\u00bb905871&#8243; text_color_type=\u00bbuncode-palette\u00bb]COMUNIDAD VALENCIANA[\/vc_custom_heading][vc_column_text text_color=\u00bbcolor-xsdn\u00bb uncode_shortcode_id=\u00bb201340&#8243; text_color_type=\u00bbuncode-palette\u00bb]<a href=\"https:\/\/www.a-mas.net\/\" target=\"_blank\" rel=\"noopener\"><span style=\"color: #ffffff;\">a+ SOLUCIONES CULTURALES<\/span><\/a> &#8211; M\u00aa \u00c1ngeles Marchirant y Laura Mar\u00edn[\/vc_column_text][vc_separator sep_color=\u00bbcolor-xsdn\u00bb uncode_shortcode_id=\u00bb101295&#8243; sep_color_type=\u00bbuncode-palette\u00bb el_width=\u00bb100%\u00bb el_height=\u00bb1&#8243;][\/vc_column_inner][\/vc_row_inner][vc_row_inner row_inner_height_percent=\u00bb0&#8243; overlay_alpha=\u00bb50&#8243; equal_height=\u00bbyes\u00bb gutter_size=\u00bb5&#8243; shift_y=\u00bb0&#8243; z_index=\u00bb0&#8243; uncode_shortcode_id=\u00bb202641&#8243; limit_content=\u00bb\u00bb][vc_column_inner column_width_percent=\u00bb100&#8243; gutter_size=\u00bb3&#8243; overlay_alpha=\u00bb50&#8243; shift_x=\u00bb0&#8243; shift_y=\u00bb0&#8243; shift_y_down=\u00bb0&#8243; z_index=\u00bb0&#8243; medium_width=\u00bb0&#8243; mobile_width=\u00bb0&#8243; width=\u00bb1\/1&#8243; uncode_shortcode_id=\u00bb208060&#8243;][vc_custom_heading text_color=\u00bbcolor-xsdn\u00bb uncode_shortcode_id=\u00bb111348&#8243; text_color_type=\u00bbuncode-palette\u00bb]GALICIA[\/vc_custom_heading][vc_column_text text_color=\u00bbcolor-xsdn\u00bb uncode_shortcode_id=\u00bb193154&#8243; text_color_type=\u00bbuncode-palette\u00bb]<a href=\"https:\/\/www.kandenguearts.com\/\" target=\"_blank\" rel=\"noopener\"><span style=\"color: #ffffff;\"><strong>KANDENGUE ARTS<\/strong><\/span><\/a> &#8211; Mar\u00eda Mari\u00f1o[\/vc_column_text][vc_separator sep_color=\u00bbcolor-xsdn\u00bb uncode_shortcode_id=\u00bb101295&#8243; sep_color_type=\u00bbuncode-palette\u00bb el_width=\u00bb100%\u00bb el_height=\u00bb1&#8243;][\/vc_column_inner][\/vc_row_inner][vc_row_inner row_inner_height_percent=\u00bb0&#8243; overlay_alpha=\u00bb50&#8243; equal_height=\u00bbyes\u00bb gutter_size=\u00bb5&#8243; shift_y=\u00bb0&#8243; z_index=\u00bb0&#8243; uncode_shortcode_id=\u00bb202641&#8243; limit_content=\u00bb\u00bb][vc_column_inner column_width_percent=\u00bb100&#8243; gutter_size=\u00bb3&#8243; style=\u00bbdark\u00bb overlay_alpha=\u00bb50&#8243; shift_x=\u00bb0&#8243; shift_y=\u00bb0&#8243; shift_y_down=\u00bb0&#8243; z_index=\u00bb0&#8243; medium_width=\u00bb0&#8243; mobile_width=\u00bb0&#8243; width=\u00bb1\/1&#8243; uncode_shortcode_id=\u00bb119364&#8243;][vc_custom_heading text_color=\u00bbcolor-xsdn\u00bb uncode_shortcode_id=\u00bb187929&#8243; text_color_type=\u00bbuncode-palette\u00bb]MADRID[\/vc_custom_heading][vc_column_text text_color=\u00bbcolor-xsdn\u00bb uncode_shortcode_id=\u00bb235175&#8243; text_color_type=\u00bbuncode-palette\u00bb]<a href=\"http:\/\/www.proversus.com\/\" target=\"_blank\" rel=\"noopener\"><span style=\"color: #ffffff;\">PROVERSUS<\/span><\/a> &#8211; Isis Abell\u00e1n<\/p>\n<p><a href=\"https:\/\/www.impromadrid.com\/nuevos-planes-distribucion\" target=\"_blank\" rel=\"noopener\"><span style=\"color: #ffffff;\">NUEVOS PLANES DISTRIBUCI\u00d3N<\/span><\/a> &#8211; Susana Rubio[\/vc_column_text][vc_separator sep_color=\u00bbcolor-xsdn\u00bb uncode_shortcode_id=\u00bb101295&#8243; sep_color_type=\u00bbuncode-palette\u00bb el_width=\u00bb100%\u00bb el_height=\u00bb1&#8243;][\/vc_column_inner][\/vc_row_inner][\/vc_column][\/vc_row]<\/p>\n<\/div>","protected":false},"excerpt":{"rendered":"<p>[vc_row row_height_percent=\u00bb0&#8243; override_padding=\u00bbyes\u00bb h_padding=\u00bb5&#8243; top_padding=\u00bb2&#8243; bottom_padding=\u00bb2&#8243; overlay_alpha=\u00bb50&#8243; gutter_size=\u00bb3&#8243; column_width_percent=\u00bb100&#8243; shift_y=\u00bb0&#8243; z_index=\u00bb0&#8243; uncode_shortcode_id=\u00bb181333&#8243;][vc_column column_width_percent=\u00bb100&#8243; align_horizontal=\u00bbalign_center\u00bb gutter_size=\u00bb3&#8243; overlay_alpha=\u00bb50&#8243; shift_x=\u00bb0&#8243; shift_y=\u00bb0&#8243; shift_y_down=\u00bb0&#8243; z_index=\u00bb0&#8243; [&hellip;]<\/p>\n","protected":false},"author":1,"featured_media":0,"parent":0,"menu_order":0,"comment_status":"closed","ping_status":"closed","template":"","meta":{"_acf_changed":false,"footnotes":""},"class_list":["post-131369","page","type-page","status-publish","hentry"],"acf":[],"_links":{"self":[{"href":"https:\/\/portal71.com\/es\/wp-json\/wp\/v2\/pages\/131369","targetHints":{"allow":["GET"]}}],"collection":[{"href":"https:\/\/portal71.com\/es\/wp-json\/wp\/v2\/pages"}],"about":[{"href":"https:\/\/portal71.com\/es\/wp-json\/wp\/v2\/types\/page"}],"author":[{"embeddable":true,"href":"https:\/\/portal71.com\/es\/wp-json\/wp\/v2\/users\/1"}],"replies":[{"embeddable":true,"href":"https:\/\/portal71.com\/es\/wp-json\/wp\/v2\/comments?post=131369"}],"version-history":[{"count":77,"href":"https:\/\/portal71.com\/es\/wp-json\/wp\/v2\/pages\/131369\/revisions"}],"predecessor-version":[{"id":135626,"href":"https:\/\/portal71.com\/es\/wp-json\/wp\/v2\/pages\/131369\/revisions\/135626"}],"wp:attachment":[{"href":"https:\/\/portal71.com\/es\/wp-json\/wp\/v2\/media?parent=131369"}],"curies":[{"name":"wp","href":"https:\/\/api.w.org\/{rel}","templated":true}]}}