{"id":131006,"date":"2023-10-24T22:11:18","date_gmt":"2023-10-24T20:11:18","guid":{"rendered":"https:\/\/portal71.com\/?page_id=131006"},"modified":"2026-04-22T12:16:49","modified_gmt":"2026-04-22T10:16:49","slug":"companias","status":"publish","type":"page","link":"https:\/\/portal71.com\/es\/companias\/","title":{"rendered":"Compa\u00f1\u00edas"},"content":{"rendered":"<div class=\"wpb-content-wrapper\"><p>[vc_row row_height_percent=\u00bb0&#8243; override_padding=\u00bbyes\u00bb h_padding=\u00bb5&#8243; top_padding=\u00bb2&#8243; bottom_padding=\u00bb2&#8243; overlay_alpha=\u00bb50&#8243; gutter_size=\u00bb3&#8243; column_width_percent=\u00bb100&#8243; shift_y=\u00bb0&#8243; z_index=\u00bb0&#8243; uncode_shortcode_id=\u00bb163305&#8243;][vc_column column_width_percent=\u00bb100&#8243; align_horizontal=\u00bbalign_center\u00bb gutter_size=\u00bb3&#8243; overlay_alpha=\u00bb50&#8243; shift_x=\u00bb0&#8243; shift_y=\u00bb0&#8243; shift_y_down=\u00bb0&#8243; z_index=\u00bb0&#8243; medium_width=\u00bb0&#8243; mobile_width=\u00bb0&#8243; width=\u00bb1\/1&#8243; uncode_shortcode_id=\u00bb178440&#8243;][vc_custom_heading text_color=\u00bbcolor-153347&#8243; text_size=\u00bbh1&#8243; uncode_shortcode_id=\u00bb177111&#8243; text_color_type=\u00bbuncode-palette\u00bb]Explora un mosaico de talento y creatividad[\/vc_custom_heading][vc_column_text text_lead=\u00bbyes\u00bb uncode_shortcode_id=\u00bb195868&#8243;]Desde el teatro innovador y la m\u00fasica conmovedora hasta las producciones vanguardistas y los eventos culturales memorables, estas compa\u00f1\u00edas son los pilares de nuestro compromiso con la excelencia art\u00edstica. \u00danete a nosotros en este viaje a trav\u00e9s de la diversidad y la riqueza de la cultura representada por estas inspiradoras compa\u00f1\u00edas.[\/vc_column_text][vc_row_inner][vc_column_inner column_width_percent=\u00bb100&#8243; align_horizontal=\u00bbalign_center\u00bb gutter_size=\u00bb3&#8243; overlay_alpha=\u00bb50&#8243; shift_x=\u00bb0&#8243; shift_y=\u00bb0&#8243; shift_y_down=\u00bb0&#8243; z_index=\u00bb0&#8243; medium_width=\u00bb0&#8243; mobile_width=\u00bb0&#8243; width=\u00bb1\/6&#8243; uncode_shortcode_id=\u00bb965111&#8243;][vc_button button_color=\u00bbcolor-706289&#8243; outline=\u00bbyes\u00bb border_width=\u00bb0&#8243; link=\u00bburl:%23familiar\u00bb uncode_shortcode_id=\u00bb655436&#8243; button_color_type=\u00bbuncode-palette\u00bb]FAMILIAR[\/vc_button][\/vc_column_inner][vc_column_inner column_width_percent=\u00bb100&#8243; align_horizontal=\u00bbalign_center\u00bb gutter_size=\u00bb3&#8243; overlay_alpha=\u00bb50&#8243; shift_x=\u00bb0&#8243; shift_y=\u00bb0&#8243; shift_y_down=\u00bb0&#8243; z_index=\u00bb0&#8243; medium_width=\u00bb0&#8243; mobile_width=\u00bb0&#8243; width=\u00bb1\/6&#8243; uncode_shortcode_id=\u00bb124202&#8243;][vc_button button_color=\u00bbcolor-706289&#8243; outline=\u00bbyes\u00bb border_width=\u00bb0&#8243; link=\u00bburl:%23adultos\u00bb uncode_shortcode_id=\u00bb690602&#8243; button_color_type=\u00bbuncode-palette\u00bb]ADULTOS[\/vc_button][\/vc_column_inner][vc_column_inner column_width_percent=\u00bb100&#8243; align_horizontal=\u00bbalign_center\u00bb gutter_size=\u00bb3&#8243; overlay_alpha=\u00bb50&#8243; shift_x=\u00bb0&#8243; shift_y=\u00bb0&#8243; shift_y_down=\u00bb0&#8243; z_index=\u00bb0&#8243; medium_width=\u00bb0&#8243; mobile_width=\u00bb0&#8243; width=\u00bb1\/6&#8243; uncode_shortcode_id=\u00bb143080&#8243;][vc_button button_color=\u00bbcolor-706289&#8243; outline=\u00bbyes\u00bb border_width=\u00bb0&#8243; link=\u00bburl:%23danza\u00bb uncode_shortcode_id=\u00bb181352&#8243; button_color_type=\u00bbuncode-palette\u00bb]DANZA[\/vc_button][\/vc_column_inner][vc_column_inner column_width_percent=\u00bb100&#8243; align_horizontal=\u00bbalign_center\u00bb gutter_size=\u00bb3&#8243; overlay_alpha=\u00bb50&#8243; shift_x=\u00bb0&#8243; shift_y=\u00bb0&#8243; shift_y_down=\u00bb0&#8243; z_index=\u00bb0&#8243; medium_width=\u00bb0&#8243; mobile_width=\u00bb0&#8243; width=\u00bb1\/6&#8243; uncode_shortcode_id=\u00bb618130&#8243;][vc_button button_color=\u00bbcolor-706289&#8243; outline=\u00bbyes\u00bb border_width=\u00bb0&#8243; link=\u00bburl:%23circo\u00bb uncode_shortcode_id=\u00bb323525&#8243; button_color_type=\u00bbuncode-palette\u00bb]CIRCO[\/vc_button][\/vc_column_inner][vc_column_inner column_width_percent=\u00bb100&#8243; align_horizontal=\u00bbalign_center\u00bb gutter_size=\u00bb3&#8243; overlay_alpha=\u00bb50&#8243; shift_x=\u00bb0&#8243; shift_y=\u00bb0&#8243; shift_y_down=\u00bb0&#8243; z_index=\u00bb0&#8243; medium_width=\u00bb0&#8243; mobile_width=\u00bb0&#8243; width=\u00bb1\/6&#8243; uncode_shortcode_id=\u00bb425286&#8243;][vc_button button_color=\u00bbcolor-706289&#8243; outline=\u00bbyes\u00bb border_width=\u00bb0&#8243; link=\u00bburl:%23nuevasdramaturgias\u00bb uncode_shortcode_id=\u00bb110568&#8243; button_color_type=\u00bbuncode-palette\u00bb]NUEVAS DRAMATURGIAS[\/vc_button][\/vc_column_inner][\/vc_row_inner][\/vc_column][\/vc_row][vc_row row_height_percent=\u00bb0&#8243; overlay_alpha=\u00bb50&#8243; gutter_size=\u00bb3&#8243; column_width_percent=\u00bb100&#8243; shift_y=\u00bb0&#8243; z_index=\u00bb0&#8243; uncode_shortcode_id=\u00bb417530&#8243; row_name=\u00bbfamiliar\u00bb][vc_column width=\u00bb1\/1&#8243;][vc_custom_heading uncode_shortcode_id=\u00bb669774&#8243;]FAMILIAR[\/vc_custom_heading][vc_separator sep_color=\u00bbcolor-706289&#8243; uncode_shortcode_id=\u00bb148785&#8243; sep_color_type=\u00bbuncode-palette\u00bb el_width=\u00bb100%\u00bb el_height=\u00bb1&#8243;][uncode_index el_id=\u00bbindex-208374&#8243; loop=\u00bbsize:10|order_by:date|taxonomy_query:portfolio_category|taxonomy_count:15|taxonomy_include_ids:2,76,77,78,79,86,87,88,89,156,164,166&#8243; screen_lg=\u00bb1000&#8243; screen_md=\u00bb600&#8243; screen_sm=\u00bb480&#8243; gutter_size=\u00bb2&#8243; uncode_taxonomy_items=\u00bbmedia|featured|onpost|original,title\u00bb single_text=\u00bboverlay\u00bb single_width=\u00bb3&#8243; images_size=\u00bbsixteen-nine\u00bb single_overlay_color=\u00bbcolor-706289&#8243; single_overlay_opacity=\u00bb50&#8243; single_overlay_visible=\u00bbyes\u00bb single_text_visible=\u00bbyes\u00bb single_text_anim=\u00bbno\u00bb single_image_coloration=\u00bbdesaturated\u00bb single_h_align=\u00bbcenter\u00bb single_padding=\u00bb2&#8243; single_title_dimension=\u00bbh3&#8243; uncode_shortcode_id=\u00bb268031&#8243;][\/vc_column][\/vc_row][vc_row row_height_percent=\u00bb0&#8243; overlay_alpha=\u00bb50&#8243; gutter_size=\u00bb3&#8243; column_width_percent=\u00bb100&#8243; shift_y=\u00bb0&#8243; z_index=\u00bb0&#8243; uncode_shortcode_id=\u00bb142543&#8243; row_name=\u00bbadultos\u00bb][vc_column width=\u00bb1\/1&#8243;][vc_custom_heading uncode_shortcode_id=\u00bb680706&#8243;]ADULTOS[\/vc_custom_heading][vc_separator sep_color=\u00bbcolor-706289&#8243; uncode_shortcode_id=\u00bb148785&#8243; sep_color_type=\u00bbuncode-palette\u00bb el_width=\u00bb100%\u00bb el_height=\u00bb1&#8243;][uncode_index el_id=\u00bbindex-208374adultos\u00bb loop=\u00bbsize:10|order_by:date|taxonomy_query:portfolio_category|taxonomy_count:10|taxonomy_include_ids:77,90,91,94,93,92,111,95,162,168&#8243; screen_lg=\u00bb1000&#8243; screen_md=\u00bb600&#8243; screen_sm=\u00bb480&#8243; gutter_size=\u00bb2&#8243; uncode_taxonomy_items=\u00bbmedia|featured|onpost|original,title\u00bb single_text=\u00bboverlay\u00bb single_width=\u00bb3&#8243; images_size=\u00bbsixteen-nine\u00bb single_overlay_color=\u00bbcolor-706289&#8243; single_overlay_opacity=\u00bb50&#8243; single_overlay_visible=\u00bbyes\u00bb single_text_visible=\u00bbyes\u00bb single_text_anim=\u00bbno\u00bb single_image_coloration=\u00bbdesaturated\u00bb single_h_align=\u00bbcenter\u00bb single_padding=\u00bb2&#8243; single_title_dimension=\u00bbh3&#8243; uncode_shortcode_id=\u00bb186852&#8243;][\/vc_column][\/vc_row][vc_row row_height_percent=\u00bb0&#8243; overlay_alpha=\u00bb50&#8243; gutter_size=\u00bb3&#8243; column_width_percent=\u00bb100&#8243; shift_y=\u00bb0&#8243; z_index=\u00bb0&#8243; uncode_shortcode_id=\u00bb115031&#8243; row_name=\u00bbdanza\u00bb][vc_column width=\u00bb1\/1&#8243;][vc_custom_heading uncode_shortcode_id=\u00bb134225&#8243;]DANZA[\/vc_custom_heading][vc_separator sep_color=\u00bbcolor-706289&#8243; uncode_shortcode_id=\u00bb148785&#8243; sep_color_type=\u00bbuncode-palette\u00bb el_width=\u00bb100%\u00bb el_height=\u00bb1&#8243;][uncode_index el_id=\u00bbindex-208374danza\u00bb loop=\u00bbsize:10|order_by:date|taxonomy_query:portfolio_category|taxonomy_count:10|taxonomy_include_ids:96,99&#8243; screen_lg=\u00bb1000&#8243; screen_md=\u00bb600&#8243; screen_sm=\u00bb480&#8243; gutter_size=\u00bb2&#8243; uncode_taxonomy_items=\u00bbmedia|featured|onpost|original,title\u00bb single_text=\u00bboverlay\u00bb single_width=\u00bb3&#8243; images_size=\u00bbsixteen-nine\u00bb single_overlay_color=\u00bbcolor-706289&#8243; single_overlay_opacity=\u00bb50&#8243; single_overlay_visible=\u00bbyes\u00bb single_text_visible=\u00bbyes\u00bb single_text_anim=\u00bbno\u00bb single_image_coloration=\u00bbdesaturated\u00bb single_h_align=\u00bbcenter\u00bb single_padding=\u00bb2&#8243; single_title_dimension=\u00bbh3&#8243; uncode_shortcode_id=\u00bb941402&#8243;][\/vc_column][\/vc_row][vc_row row_height_percent=\u00bb0&#8243; overlay_alpha=\u00bb50&#8243; gutter_size=\u00bb3&#8243; column_width_percent=\u00bb100&#8243; shift_y=\u00bb0&#8243; z_index=\u00bb0&#8243; uncode_shortcode_id=\u00bb104907&#8243; row_name=\u00bbcirco\u00bb][vc_column width=\u00bb1\/1&#8243;][vc_custom_heading uncode_shortcode_id=\u00bb113558&#8243;]CIRCO[\/vc_custom_heading][vc_separator sep_color=\u00bbcolor-706289&#8243; uncode_shortcode_id=\u00bb148785&#8243; sep_color_type=\u00bbuncode-palette\u00bb el_width=\u00bb100%\u00bb el_height=\u00bb1&#8243;][uncode_index el_id=\u00bbindex-208374circo\u00bb loop=\u00bbsize:10|order_by:date|taxonomy_query:portfolio_category|taxonomy_count:20|taxonomy_include_ids:101,103,105,106,107,108,110,109,157,160&#8243; screen_lg=\u00bb1000&#8243; screen_md=\u00bb600&#8243; screen_sm=\u00bb480&#8243; gutter_size=\u00bb2&#8243; uncode_taxonomy_items=\u00bbmedia|featured|onpost|original,title\u00bb single_text=\u00bboverlay\u00bb single_width=\u00bb3&#8243; images_size=\u00bbsixteen-nine\u00bb single_overlay_color=\u00bbcolor-706289&#8243; single_overlay_opacity=\u00bb50&#8243; single_overlay_visible=\u00bbyes\u00bb single_text_visible=\u00bbyes\u00bb single_text_anim=\u00bbno\u00bb single_image_coloration=\u00bbdesaturated\u00bb single_h_align=\u00bbcenter\u00bb single_padding=\u00bb2&#8243; single_title_dimension=\u00bbh3&#8243; uncode_shortcode_id=\u00bb172400&#8243;][\/vc_column][\/vc_row][vc_row row_height_percent=\u00bb0&#8243; overlay_alpha=\u00bb50&#8243; gutter_size=\u00bb3&#8243; column_width_percent=\u00bb100&#8243; shift_y=\u00bb0&#8243; z_index=\u00bb0&#8243; uncode_shortcode_id=\u00bb114004&#8243; row_name=\u00bbnuevasdramaturgias\u00bb][vc_column width=\u00bb1\/1&#8243;][vc_custom_heading uncode_shortcode_id=\u00bb834603&#8243;]NUEVAS DRAMATURGIAS[\/vc_custom_heading][vc_separator sep_color=\u00bbcolor-706289&#8243; uncode_shortcode_id=\u00bb148785&#8243; sep_color_type=\u00bbuncode-palette\u00bb el_width=\u00bb100%\u00bb el_height=\u00bb1&#8243;][uncode_index el_id=\u00bbindex-208374nuevasdramaturgias\u00bb loop=\u00bbsize:10|order_by:date|taxonomy_query:portfolio_category|taxonomy_count:20|taxonomy_include_ids:77,93,92,95,94,168&#8243; screen_lg=\u00bb1000&#8243; screen_md=\u00bb600&#8243; screen_sm=\u00bb480&#8243; gutter_size=\u00bb2&#8243; uncode_taxonomy_items=\u00bbmedia|featured|onpost|original,title\u00bb single_text=\u00bboverlay\u00bb single_width=\u00bb3&#8243; images_size=\u00bbsixteen-nine\u00bb single_overlay_color=\u00bbcolor-706289&#8243; single_overlay_opacity=\u00bb50&#8243; single_overlay_visible=\u00bbyes\u00bb single_text_visible=\u00bbyes\u00bb single_text_anim=\u00bbno\u00bb single_image_coloration=\u00bbdesaturated\u00bb single_h_align=\u00bbcenter\u00bb single_padding=\u00bb2&#8243; single_title_dimension=\u00bbh3&#8243; uncode_shortcode_id=\u00bb923321&#8243;][\/vc_column][\/vc_row]<\/p>\n<\/div>","protected":false},"excerpt":{"rendered":"<p>[vc_row row_height_percent=\u00bb0&#8243; override_padding=\u00bbyes\u00bb h_padding=\u00bb5&#8243; top_padding=\u00bb2&#8243; bottom_padding=\u00bb2&#8243; overlay_alpha=\u00bb50&#8243; gutter_size=\u00bb3&#8243; column_width_percent=\u00bb100&#8243; shift_y=\u00bb0&#8243; z_index=\u00bb0&#8243; uncode_shortcode_id=\u00bb163305&#8243;][vc_column column_width_percent=\u00bb100&#8243; align_horizontal=\u00bbalign_center\u00bb gutter_size=\u00bb3&#8243; overlay_alpha=\u00bb50&#8243; shift_x=\u00bb0&#8243; shift_y=\u00bb0&#8243; shift_y_down=\u00bb0&#8243; z_index=\u00bb0&#8243; [&hellip;]<\/p>\n","protected":false},"author":1,"featured_media":0,"parent":0,"menu_order":0,"comment_status":"closed","ping_status":"closed","template":"","meta":{"_acf_changed":false,"footnotes":""},"class_list":["post-131006","page","type-page","status-publish","hentry"],"acf":[],"_links":{"self":[{"href":"https:\/\/portal71.com\/es\/wp-json\/wp\/v2\/pages\/131006","targetHints":{"allow":["GET"]}}],"collection":[{"href":"https:\/\/portal71.com\/es\/wp-json\/wp\/v2\/pages"}],"about":[{"href":"https:\/\/portal71.com\/es\/wp-json\/wp\/v2\/types\/page"}],"author":[{"embeddable":true,"href":"https:\/\/portal71.com\/es\/wp-json\/wp\/v2\/users\/1"}],"replies":[{"embeddable":true,"href":"https:\/\/portal71.com\/es\/wp-json\/wp\/v2\/comments?post=131006"}],"version-history":[{"count":46,"href":"https:\/\/portal71.com\/es\/wp-json\/wp\/v2\/pages\/131006\/revisions"}],"predecessor-version":[{"id":135550,"href":"https:\/\/portal71.com\/es\/wp-json\/wp\/v2\/pages\/131006\/revisions\/135550"}],"wp:attachment":[{"href":"https:\/\/portal71.com\/es\/wp-json\/wp\/v2\/media?parent=131006"}],"curies":[{"name":"wp","href":"https:\/\/api.w.org\/{rel}","templated":true}]}}